{"id":16661,"date":"2023-11-19T18:12:04","date_gmt":"2023-11-19T17:12:04","guid":{"rendered":"http:\/\/dulce-vida.net\/?page_id=16661"},"modified":"2024-01-24T21:39:44","modified_gmt":"2024-01-24T20:39:44","slug":"impressum","status":"publish","type":"page","link":"https:\/\/dulce-vida.net\/en\/impressum\/","title":{"rendered":"Impressum"},"content":{"rendered":"\n<h3 class=\"wp-block-heading\">Company information<\/h3>\n\n\n\n<figure class=\"wp-block-table\"><table><tbody><tr><td><strong>Provider name:<\/strong><\/td><td>VIDA&#8217;S Kft.<\/td><\/tr><tr><td><strong>Headquarter:<\/strong><\/td><td>1039 Budapest, T\u0171zf\u00f6ld u. 8.<\/td><\/tr><tr><td><strong>Tax number:<\/strong><\/td><td>10836495-2-41<\/td><\/tr><tr><td><strong>Company registration number:<\/strong><\/td><td>01-09-262320<\/td><\/tr><tr><td><strong>Court registering the company:<\/strong><\/td><td>F\u0151v\u00e1rosi T\u00f6rv\u00e9nysz\u00e9k<\/td><\/tr><tr><td><strong>Date of registration:<\/strong><\/td><td>1993.07.19<\/td><\/tr><tr><td><strong>Email:<\/strong><\/td><td>info@dulce-vida.net<\/td><\/tr><\/tbody><\/table><\/figure>\n\n\n\n<h3 class=\"wp-block-heading\">Web hosting provider<\/h3>\n\n\n\n<figure class=\"wp-block-table\"><table><tbody><tr><td><strong><strong>Provider name<\/strong>:<\/strong><\/td><td>Sybell Informatika Kft.<\/td><\/tr><tr><td><strong><strong>Headquarter<\/strong><\/strong>:<\/td><td>H-1158 Budapest, K\u00e9sm\u00e1rk u. 7.\/b. II. em. 206.<\/td><\/tr><tr><td><strong><strong>Tax number<\/strong>:<\/strong><\/td><td>25859502-2-42<\/td><\/tr><tr><td><strong><strong>Company registration number<\/strong>:<\/strong><\/td><td>01 09 293034<\/td><\/tr><tr><td><strong>Email:<\/strong><\/td><td>support@sybell.hu<\/td><\/tr><\/tbody><\/table><\/figure>\n","protected":false},"excerpt":{"rendered":"<p>Company information Provider name: VIDA&#8217;S Kft. Headquarter: 1039 Budapest, T\u0171zf\u00f6ld u. 8. Tax number: 10836495-2-41 Company registration number: 01-09-262320 Court<\/p>\n","protected":false},"author":1,"featured_media":0,"parent":0,"menu_order":9,"comment_status":"closed","ping_status":"closed","template":"","meta":{"footnotes":""},"class_list":["post-16661","page","type-page","status-publish","hentry"],"_links":{"self":[{"href":"https:\/\/dulce-vida.net\/en\/wp-json\/wp\/v2\/pages\/16661","targetHints":{"allow":["GET"]}}],"collection":[{"href":"https:\/\/dulce-vida.net\/en\/wp-json\/wp\/v2\/pages"}],"about":[{"href":"https:\/\/dulce-vida.net\/en\/wp-json\/wp\/v2\/types\/page"}],"author":[{"embeddable":true,"href":"https:\/\/dulce-vida.net\/en\/wp-json\/wp\/v2\/users\/1"}],"replies":[{"embeddable":true,"href":"https:\/\/dulce-vida.net\/en\/wp-json\/wp\/v2\/comments?post=16661"}],"version-history":[{"count":4,"href":"https:\/\/dulce-vida.net\/en\/wp-json\/wp\/v2\/pages\/16661\/revisions"}],"predecessor-version":[{"id":19590,"href":"https:\/\/dulce-vida.net\/en\/wp-json\/wp\/v2\/pages\/16661\/revisions\/19590"}],"wp:attachment":[{"href":"https:\/\/dulce-vida.net\/en\/wp-json\/wp\/v2\/media?parent=16661"}],"curies":[{"name":"wp","href":"https:\/\/api.w.org\/{rel}","templated":true}]}}