{"id":17080,"date":"2023-12-03T18:05:29","date_gmt":"2023-12-03T17:05:29","guid":{"rendered":"http:\/\/dulce-vida.net\/?post_type=product&#038;p=17080"},"modified":"2024-10-11T10:53:35","modified_gmt":"2024-10-11T08:53:35","slug":"finiboom-cola-5-g","status":"publish","type":"product","link":"https:\/\/dulce-vida.net\/en\/shop\/products\/finiboom-cola-5-g\/","title":{"rendered":"FINIBOOM COLA (5 G) 15% PROM\u00d3CI\u00d3 LIMIT\u00c1LT IDEIG!"},"content":{"rendered":"","protected":false},"excerpt":{"rendered":"","protected":false},"featured_media":18622,"template":"","meta":[],"product_brand":[],"product_cat":[86],"product_tag":[],"class_list":{"0":"post-17080","1":"product","2":"type-product","3":"status-publish","4":"has-post-thumbnail","6":"product_cat-candies","7":"pa_brand-the-fini-company","8":"pa_carton-6-displays-x-200-pcs","9":"pa_net-weight-5-g","11":"first","12":"instock","13":"shipping-taxable","14":"product-type-simple"},"_links":{"self":[{"href":"https:\/\/dulce-vida.net\/en\/wp-json\/wp\/v2\/product\/17080","targetHints":{"allow":["GET"]}}],"collection":[{"href":"https:\/\/dulce-vida.net\/en\/wp-json\/wp\/v2\/product"}],"about":[{"href":"https:\/\/dulce-vida.net\/en\/wp-json\/wp\/v2\/types\/product"}],"version-history":[{"count":3,"href":"https:\/\/dulce-vida.net\/en\/wp-json\/wp\/v2\/product\/17080\/revisions"}],"predecessor-version":[{"id":21488,"href":"https:\/\/dulce-vida.net\/en\/wp-json\/wp\/v2\/product\/17080\/revisions\/21488"}],"wp:featuredmedia":[{"embeddable":true,"href":"https:\/\/dulce-vida.net\/en\/wp-json\/wp\/v2\/media\/18622"}],"wp:attachment":[{"href":"https:\/\/dulce-vida.net\/en\/wp-json\/wp\/v2\/media?parent=17080"}],"wp:term":[{"taxonomy":"product_brand","embeddable":true,"href":"https:\/\/dulce-vida.net\/en\/wp-json\/wp\/v2\/product_brand?post=17080"},{"taxonomy":"product_cat","embeddable":true,"href":"https:\/\/dulce-vida.net\/en\/wp-json\/wp\/v2\/product_cat?post=17080"},{"taxonomy":"product_tag","embeddable":true,"href":"https:\/\/dulce-vida.net\/en\/wp-json\/wp\/v2\/product_tag?post=17080"}],"curies":[{"name":"wp","href":"https:\/\/api.w.org\/{rel}","templated":true}]}}