{"id":16490,"date":"2021-08-26T12:26:53","date_gmt":"2021-08-26T10:26:53","guid":{"rendered":"http:\/\/dulce-vida.net\/uzlet\/kivansaglista\/"},"modified":"2023-11-16T13:11:38","modified_gmt":"2023-11-16T12:11:38","slug":"kivansaglista","status":"publish","type":"page","link":"https:\/\/dulce-vida.net\/hu\/uzlet\/kivansaglista\/","title":{"rendered":"K\u00edv\u00e1ns\u00e1glista"},"content":{"rendered":"\t\t\n\t\t\n\t\t<div class=\"\">\n\t\t\t\t\t\t<div class=\"wd-wishlist-content\">\n\t\t\t\t\t\t\t\t\t\t\t\n\t\t<p class=\"wd-empty-wishlist wd-empty-page\">\n\t\t\tA k\u00edv\u00e1ns\u00e1glista egyel\u0151re \u00fcres.\t\t<\/p>\n\n\t\t\t\t\t<div class=\"wd-empty-page-text\">\n\t\t\t\tNincsenek term\u00e9kek a k\u00edv\u00e1ns\u00e1glist\u00e1j\u00e1n. <br>\nSok \u00e9rdekess\u00e9get tal\u00e1lhat \"Term\u00e9kek\" oldalunkon.\t\t\t<\/div>\n\t\t\n\t\t\n\t\t\t\t\t<p class=\"return-to-shop\">\n\t\t\t\t<a class=\"button\" href=\"https:\/\/dulce-vida.net\/hu\/uzlet\/termekek\/\">\n\t\t\t\t\tMutasd a term\u00e9keket\t\t\t\t<\/a>\n\t\t\t<\/p>\n\t\t\t\t\t\t\t\t\t\t\t<\/div>\n\t\t\t\t<\/div>\n\t\t\n","protected":false},"excerpt":{"rendered":"","protected":false},"author":1,"featured_media":0,"parent":16487,"menu_order":4,"comment_status":"closed","ping_status":"closed","template":"","meta":{"footnotes":""},"class_list":["post-16490","page","type-page","status-publish","hentry"],"_links":{"self":[{"href":"https:\/\/dulce-vida.net\/hu\/wp-json\/wp\/v2\/pages\/16490","targetHints":{"allow":["GET"]}}],"collection":[{"href":"https:\/\/dulce-vida.net\/hu\/wp-json\/wp\/v2\/pages"}],"about":[{"href":"https:\/\/dulce-vida.net\/hu\/wp-json\/wp\/v2\/types\/page"}],"author":[{"embeddable":true,"href":"https:\/\/dulce-vida.net\/hu\/wp-json\/wp\/v2\/users\/1"}],"replies":[{"embeddable":true,"href":"https:\/\/dulce-vida.net\/hu\/wp-json\/wp\/v2\/comments?post=16490"}],"version-history":[{"count":1,"href":"https:\/\/dulce-vida.net\/hu\/wp-json\/wp\/v2\/pages\/16490\/revisions"}],"predecessor-version":[{"id":16491,"href":"https:\/\/dulce-vida.net\/hu\/wp-json\/wp\/v2\/pages\/16490\/revisions\/16491"}],"up":[{"embeddable":true,"href":"https:\/\/dulce-vida.net\/hu\/wp-json\/wp\/v2\/pages\/16487"}],"wp:attachment":[{"href":"https:\/\/dulce-vida.net\/hu\/wp-json\/wp\/v2\/media?parent=16490"}],"curies":[{"name":"wp","href":"https:\/\/api.w.org\/{rel}","templated":true}]}}