{"id":16492,"date":"2021-08-26T12:21:44","date_gmt":"2021-08-26T10:21:44","guid":{"rendered":"http:\/\/dulce-vida.net\/uzlet\/osszehasonlitas\/"},"modified":"2023-11-16T13:12:01","modified_gmt":"2023-11-16T12:12:01","slug":"osszehasonlitas","status":"publish","type":"page","link":"https:\/\/dulce-vida.net\/hu\/uzlet\/osszehasonlitas\/","title":{"rendered":"\u00d6sszehasonl\u00edt\u00e1s"},"content":{"rendered":"\t\t<p class=\"wd-empty-compare wd-empty-page\">\n\t\t\t\u00d6sszehasonl\u00edt\u00e1shoz el\u0151sz\u00f6r term\u00e9ket kell v\u00e1lasztanod.\t\t<\/p>\n\t\t\t\t\t<div class=\"wd-empty-page-text\">\n\t\t\t\tNincsenek term\u00e9kek az \u00f6sszehasonl\u00edt\u00e1s list\u00e1n. Adjon hozz\u00e1 term\u00e9keket, hogy \u00f6sszehasonl\u00edtsa \u0151ket.\n<br>\nSok \u00e9rdekess\u00e9get tal\u00e1lhat \"Term\u00e9kek\" oldalunkon.\t\t\t<\/div>\n\t\t\t\t<p class=\"return-to-shop\">\n\t\t\t<a class=\"button\" href=\"https:\/\/dulce-vida.net\/hu\/uzlet\/termekek\/\">\n\t\t\t\tMutasd a term\u00e9keket\t\t\t<\/a>\n\t\t<\/p>\n\t\t\n","protected":false},"excerpt":{"rendered":"","protected":false},"author":1,"featured_media":0,"parent":16487,"menu_order":5,"comment_status":"closed","ping_status":"closed","template":"","meta":{"footnotes":""},"class_list":["post-16492","page","type-page","status-publish","hentry"],"_links":{"self":[{"href":"https:\/\/dulce-vida.net\/hu\/wp-json\/wp\/v2\/pages\/16492","targetHints":{"allow":["GET"]}}],"collection":[{"href":"https:\/\/dulce-vida.net\/hu\/wp-json\/wp\/v2\/pages"}],"about":[{"href":"https:\/\/dulce-vida.net\/hu\/wp-json\/wp\/v2\/types\/page"}],"author":[{"embeddable":true,"href":"https:\/\/dulce-vida.net\/hu\/wp-json\/wp\/v2\/users\/1"}],"replies":[{"embeddable":true,"href":"https:\/\/dulce-vida.net\/hu\/wp-json\/wp\/v2\/comments?post=16492"}],"version-history":[{"count":1,"href":"https:\/\/dulce-vida.net\/hu\/wp-json\/wp\/v2\/pages\/16492\/revisions"}],"predecessor-version":[{"id":16493,"href":"https:\/\/dulce-vida.net\/hu\/wp-json\/wp\/v2\/pages\/16492\/revisions\/16493"}],"up":[{"embeddable":true,"href":"https:\/\/dulce-vida.net\/hu\/wp-json\/wp\/v2\/pages\/16487"}],"wp:attachment":[{"href":"https:\/\/dulce-vida.net\/hu\/wp-json\/wp\/v2\/media?parent=16492"}],"curies":[{"name":"wp","href":"https:\/\/api.w.org\/{rel}","templated":true}]}}