{"id":19051,"date":"2024-01-19T13:51:34","date_gmt":"2024-01-19T12:51:34","guid":{"rendered":"https:\/\/dulce-vida.net\/koszonjuk-szepen\/"},"modified":"2024-01-19T13:55:01","modified_gmt":"2024-01-19T12:55:01","slug":"koszonjuk-szepen","status":"publish","type":"page","link":"https:\/\/dulce-vida.net\/hu\/koszonjuk-szepen\/","title":{"rendered":"K\u00f6sz\u00f6nj\u00fck sz\u00e9pen"},"content":{"rendered":"\n<h3 class=\"wp-block-heading\"><strong>K\u00f6sz\u00f6nj\u00fck az \u00fczenet\u00e9t, hamarosan felvessz\u00fck \u00d6nnel a kapcsolatot.<\/strong><\/h3>\n","protected":false},"excerpt":{"rendered":"<p>K\u00f6sz\u00f6nj\u00fck az \u00fczenet\u00e9t, hamarosan felvessz\u00fck \u00d6nnel a kapcsolatot.<\/p>\n","protected":false},"author":1,"featured_media":0,"parent":0,"menu_order":15,"comment_status":"closed","ping_status":"closed","template":"","meta":{"footnotes":""},"class_list":["post-19051","page","type-page","status-publish","hentry"],"_links":{"self":[{"href":"https:\/\/dulce-vida.net\/hu\/wp-json\/wp\/v2\/pages\/19051","targetHints":{"allow":["GET"]}}],"collection":[{"href":"https:\/\/dulce-vida.net\/hu\/wp-json\/wp\/v2\/pages"}],"about":[{"href":"https:\/\/dulce-vida.net\/hu\/wp-json\/wp\/v2\/types\/page"}],"author":[{"embeddable":true,"href":"https:\/\/dulce-vida.net\/hu\/wp-json\/wp\/v2\/users\/1"}],"replies":[{"embeddable":true,"href":"https:\/\/dulce-vida.net\/hu\/wp-json\/wp\/v2\/comments?post=19051"}],"version-history":[{"count":3,"href":"https:\/\/dulce-vida.net\/hu\/wp-json\/wp\/v2\/pages\/19051\/revisions"}],"predecessor-version":[{"id":19055,"href":"https:\/\/dulce-vida.net\/hu\/wp-json\/wp\/v2\/pages\/19051\/revisions\/19055"}],"wp:attachment":[{"href":"https:\/\/dulce-vida.net\/hu\/wp-json\/wp\/v2\/media?parent=19051"}],"curies":[{"name":"wp","href":"https:\/\/api.w.org\/{rel}","templated":true}]}}