{"id":17566,"date":"2023-12-05T13:12:03","date_gmt":"2023-12-05T12:12:03","guid":{"rendered":"http:\/\/dulce-vida.net\/shop\/products\/fini-crazy-rainbow-roller-4-x-20-g\/"},"modified":"2025-03-11T16:20:55","modified_gmt":"2025-03-11T15:20:55","slug":"fini-crazy-rainbow-roller-4-x-20-g","status":"publish","type":"product","link":"https:\/\/dulce-vida.net\/hu\/shop\/products\/fini-crazy-rainbow-roller-4-x-20-g\/","title":{"rendered":"FINI CRAZY RAINBOW ROLLER (4 X 20 G) 10% PROM\u00d3CI\u00d3 LIMIT\u00c1LT IDEIG!"},"content":{"rendered":"","protected":false},"excerpt":{"rendered":"","protected":false},"featured_media":17343,"template":"","meta":[],"product_brand":[],"product_cat":[123,122],"product_tag":[],"class_list":{"0":"post-17566","1":"product","2":"type-product","3":"status-publish","4":"has-post-thumbnail","6":"product_cat-wrapped-gummies","7":"product_cat-gummies","8":"pa_brand-the-fini-company","9":"pa_net-weight-4-x-20-g","11":"first","12":"instock","13":"shipping-taxable","14":"product-type-simple"},"_links":{"self":[{"href":"https:\/\/dulce-vida.net\/hu\/wp-json\/wp\/v2\/product\/17566","targetHints":{"allow":["GET"]}}],"collection":[{"href":"https:\/\/dulce-vida.net\/hu\/wp-json\/wp\/v2\/product"}],"about":[{"href":"https:\/\/dulce-vida.net\/hu\/wp-json\/wp\/v2\/types\/product"}],"version-history":[{"count":3,"href":"https:\/\/dulce-vida.net\/hu\/wp-json\/wp\/v2\/product\/17566\/revisions"}],"predecessor-version":[{"id":22480,"href":"https:\/\/dulce-vida.net\/hu\/wp-json\/wp\/v2\/product\/17566\/revisions\/22480"}],"wp:featuredmedia":[{"embeddable":true,"href":"https:\/\/dulce-vida.net\/hu\/wp-json\/wp\/v2\/media\/17343"}],"wp:attachment":[{"href":"https:\/\/dulce-vida.net\/hu\/wp-json\/wp\/v2\/media?parent=17566"}],"wp:term":[{"taxonomy":"product_brand","embeddable":true,"href":"https:\/\/dulce-vida.net\/hu\/wp-json\/wp\/v2\/product_brand?post=17566"},{"taxonomy":"product_cat","embeddable":true,"href":"https:\/\/dulce-vida.net\/hu\/wp-json\/wp\/v2\/product_cat?post=17566"},{"taxonomy":"product_tag","embeddable":true,"href":"https:\/\/dulce-vida.net\/hu\/wp-json\/wp\/v2\/product_tag?post=17566"}],"curies":[{"name":"wp","href":"https:\/\/api.w.org\/{rel}","templated":true}]}}