{"id":17570,"date":"2023-12-05T13:01:48","date_gmt":"2023-12-05T12:01:48","guid":{"rendered":"http:\/\/dulce-vida.net\/shop\/products\/fini-roller-raspberry-20-g\/"},"modified":"2026-02-13T14:39:30","modified_gmt":"2026-02-13T13:39:30","slug":"fini-roller-raspberry-20-g","status":"publish","type":"product","link":"https:\/\/dulce-vida.net\/hu\/shop\/products\/fini-roller-raspberry-20-g\/","title":{"rendered":"FINI ROLLER RASPBERRY (20G) KEDVEZM\u00c9NYES \u00c1R LIMIT\u00c1LT IDEIG!"},"content":{"rendered":"","protected":false},"excerpt":{"rendered":"","protected":false},"featured_media":23437,"template":"","meta":[],"product_brand":[],"product_cat":[123,122],"product_tag":[],"class_list":{"0":"post-17570","1":"product","2":"type-product","3":"status-publish","4":"has-post-thumbnail","6":"product_cat-wrapped-gummies","7":"product_cat-gummies","8":"pa_brand-the-fini-company","9":"pa_carton-6-displays-x-18-pcs","10":"pa_net-weight-20-g","12":"first","13":"instock","14":"shipping-taxable","15":"product-type-simple"},"_links":{"self":[{"href":"https:\/\/dulce-vida.net\/hu\/wp-json\/wp\/v2\/product\/17570","targetHints":{"allow":["GET"]}}],"collection":[{"href":"https:\/\/dulce-vida.net\/hu\/wp-json\/wp\/v2\/product"}],"about":[{"href":"https:\/\/dulce-vida.net\/hu\/wp-json\/wp\/v2\/types\/product"}],"version-history":[{"count":4,"href":"https:\/\/dulce-vida.net\/hu\/wp-json\/wp\/v2\/product\/17570\/revisions"}],"predecessor-version":[{"id":23438,"href":"https:\/\/dulce-vida.net\/hu\/wp-json\/wp\/v2\/product\/17570\/revisions\/23438"}],"wp:featuredmedia":[{"embeddable":true,"href":"https:\/\/dulce-vida.net\/hu\/wp-json\/wp\/v2\/media\/23437"}],"wp:attachment":[{"href":"https:\/\/dulce-vida.net\/hu\/wp-json\/wp\/v2\/media?parent=17570"}],"wp:term":[{"taxonomy":"product_brand","embeddable":true,"href":"https:\/\/dulce-vida.net\/hu\/wp-json\/wp\/v2\/product_brand?post=17570"},{"taxonomy":"product_cat","embeddable":true,"href":"https:\/\/dulce-vida.net\/hu\/wp-json\/wp\/v2\/product_cat?post=17570"},{"taxonomy":"product_tag","embeddable":true,"href":"https:\/\/dulce-vida.net\/hu\/wp-json\/wp\/v2\/product_tag?post=17570"}],"curies":[{"name":"wp","href":"https:\/\/api.w.org\/{rel}","templated":true}]}}