{"id":17571,"date":"2023-12-05T12:57:07","date_gmt":"2023-12-05T11:57:07","guid":{"rendered":"http:\/\/dulce-vida.net\/shop\/products\/fini-roller-strawberry-20-g\/"},"modified":"2026-02-13T14:40:18","modified_gmt":"2026-02-13T13:40:18","slug":"fini-roller-strawberry-20-g","status":"publish","type":"product","link":"https:\/\/dulce-vida.net\/hu\/shop\/products\/fini-roller-strawberry-20-g\/","title":{"rendered":"FINI ROLLER STRAWBERRY (20 G) KEDVEZM\u00c9NYES \u00c1R LIMIT\u00c1LT IDEIG!"},"content":{"rendered":"","protected":false},"excerpt":{"rendered":"","protected":false},"featured_media":17313,"template":"","meta":[],"product_brand":[],"product_cat":[123,122],"product_tag":[],"class_list":{"0":"post-17571","1":"product","2":"type-product","3":"status-publish","4":"has-post-thumbnail","6":"product_cat-wrapped-gummies","7":"product_cat-gummies","8":"pa_brand-the-fini-company","9":"pa_net-weight-20-g","11":"first","12":"instock","13":"shipping-taxable","14":"product-type-simple"},"_links":{"self":[{"href":"https:\/\/dulce-vida.net\/hu\/wp-json\/wp\/v2\/product\/17571","targetHints":{"allow":["GET"]}}],"collection":[{"href":"https:\/\/dulce-vida.net\/hu\/wp-json\/wp\/v2\/product"}],"about":[{"href":"https:\/\/dulce-vida.net\/hu\/wp-json\/wp\/v2\/types\/product"}],"version-history":[{"count":4,"href":"https:\/\/dulce-vida.net\/hu\/wp-json\/wp\/v2\/product\/17571\/revisions"}],"predecessor-version":[{"id":23439,"href":"https:\/\/dulce-vida.net\/hu\/wp-json\/wp\/v2\/product\/17571\/revisions\/23439"}],"wp:featuredmedia":[{"embeddable":true,"href":"https:\/\/dulce-vida.net\/hu\/wp-json\/wp\/v2\/media\/17313"}],"wp:attachment":[{"href":"https:\/\/dulce-vida.net\/hu\/wp-json\/wp\/v2\/media?parent=17571"}],"wp:term":[{"taxonomy":"product_brand","embeddable":true,"href":"https:\/\/dulce-vida.net\/hu\/wp-json\/wp\/v2\/product_brand?post=17571"},{"taxonomy":"product_cat","embeddable":true,"href":"https:\/\/dulce-vida.net\/hu\/wp-json\/wp\/v2\/product_cat?post=17571"},{"taxonomy":"product_tag","embeddable":true,"href":"https:\/\/dulce-vida.net\/hu\/wp-json\/wp\/v2\/product_tag?post=17571"}],"curies":[{"name":"wp","href":"https:\/\/api.w.org\/{rel}","templated":true}]}}