{"id":17603,"date":"2023-12-03T19:05:11","date_gmt":"2023-12-03T18:05:11","guid":{"rendered":"http:\/\/dulce-vida.net\/shop\/products\/finiboom-zombie-5-g\/"},"modified":"2024-10-11T11:20:38","modified_gmt":"2024-10-11T09:20:38","slug":"finiboom-zombie-5-g","status":"publish","type":"product","link":"https:\/\/dulce-vida.net\/hu\/shop\/products\/finiboom-zombie-5-g\/","title":{"rendered":"FINIBOOM ZOMBIE (5 G) 15% PROM\u00d3CI\u00d3 LIMIT\u00c1LT IDEIG!"},"content":{"rendered":"","protected":false},"excerpt":{"rendered":"","protected":false},"featured_media":18612,"template":"","meta":[],"product_brand":[],"product_cat":[86],"product_tag":[],"class_list":{"0":"post-17603","1":"product","2":"type-product","3":"status-publish","4":"has-post-thumbnail","6":"product_cat-candies","7":"pa_brand-the-fini-company","8":"pa_carton-6-displays-x-200-pcs","9":"pa_net-weight-5-g","11":"first","12":"instock","13":"shipping-taxable","14":"product-type-simple"},"_links":{"self":[{"href":"https:\/\/dulce-vida.net\/hu\/wp-json\/wp\/v2\/product\/17603","targetHints":{"allow":["GET"]}}],"collection":[{"href":"https:\/\/dulce-vida.net\/hu\/wp-json\/wp\/v2\/product"}],"about":[{"href":"https:\/\/dulce-vida.net\/hu\/wp-json\/wp\/v2\/types\/product"}],"version-history":[{"count":2,"href":"https:\/\/dulce-vida.net\/hu\/wp-json\/wp\/v2\/product\/17603\/revisions"}],"predecessor-version":[{"id":21497,"href":"https:\/\/dulce-vida.net\/hu\/wp-json\/wp\/v2\/product\/17603\/revisions\/21497"}],"wp:featuredmedia":[{"embeddable":true,"href":"https:\/\/dulce-vida.net\/hu\/wp-json\/wp\/v2\/media\/18612"}],"wp:attachment":[{"href":"https:\/\/dulce-vida.net\/hu\/wp-json\/wp\/v2\/media?parent=17603"}],"wp:term":[{"taxonomy":"product_brand","embeddable":true,"href":"https:\/\/dulce-vida.net\/hu\/wp-json\/wp\/v2\/product_brand?post=17603"},{"taxonomy":"product_cat","embeddable":true,"href":"https:\/\/dulce-vida.net\/hu\/wp-json\/wp\/v2\/product_cat?post=17603"},{"taxonomy":"product_tag","embeddable":true,"href":"https:\/\/dulce-vida.net\/hu\/wp-json\/wp\/v2\/product_tag?post=17603"}],"curies":[{"name":"wp","href":"https:\/\/api.w.org\/{rel}","templated":true}]}}