{"id":17606,"date":"2023-12-03T18:30:00","date_gmt":"2023-12-03T17:30:00","guid":{"rendered":"http:\/\/dulce-vida.net\/shop\/products\/finiboom-vampire-5-g\/"},"modified":"2024-10-11T11:19:46","modified_gmt":"2024-10-11T09:19:46","slug":"finiboom-vampire-5-g","status":"publish","type":"product","link":"https:\/\/dulce-vida.net\/hu\/shop\/products\/finiboom-vampire-5-g\/","title":{"rendered":"FINIBOOM VAMPIRE (5 G) 15% PROM\u00d3CI\u00d3 LIMIT\u00c1LT IDEIG!"},"content":{"rendered":"","protected":false},"excerpt":{"rendered":"","protected":false},"featured_media":18619,"template":"","meta":[],"product_brand":[],"product_cat":[118,83],"product_tag":[],"class_list":{"0":"post-17606","1":"product","2":"type-product","3":"status-publish","4":"has-post-thumbnail","6":"product_cat-wrapped-bubblegums","7":"product_cat-bubblegums","8":"pa_brand-the-fini-company","9":"pa_carton-6-displays-x-200-pcs","10":"pa_net-weight-5-g","12":"first","13":"instock","14":"shipping-taxable","15":"product-type-simple"},"_links":{"self":[{"href":"https:\/\/dulce-vida.net\/hu\/wp-json\/wp\/v2\/product\/17606","targetHints":{"allow":["GET"]}}],"collection":[{"href":"https:\/\/dulce-vida.net\/hu\/wp-json\/wp\/v2\/product"}],"about":[{"href":"https:\/\/dulce-vida.net\/hu\/wp-json\/wp\/v2\/types\/product"}],"version-history":[{"count":2,"href":"https:\/\/dulce-vida.net\/hu\/wp-json\/wp\/v2\/product\/17606\/revisions"}],"predecessor-version":[{"id":21495,"href":"https:\/\/dulce-vida.net\/hu\/wp-json\/wp\/v2\/product\/17606\/revisions\/21495"}],"wp:featuredmedia":[{"embeddable":true,"href":"https:\/\/dulce-vida.net\/hu\/wp-json\/wp\/v2\/media\/18619"}],"wp:attachment":[{"href":"https:\/\/dulce-vida.net\/hu\/wp-json\/wp\/v2\/media?parent=17606"}],"wp:term":[{"taxonomy":"product_brand","embeddable":true,"href":"https:\/\/dulce-vida.net\/hu\/wp-json\/wp\/v2\/product_brand?post=17606"},{"taxonomy":"product_cat","embeddable":true,"href":"https:\/\/dulce-vida.net\/hu\/wp-json\/wp\/v2\/product_cat?post=17606"},{"taxonomy":"product_tag","embeddable":true,"href":"https:\/\/dulce-vida.net\/hu\/wp-json\/wp\/v2\/product_tag?post=17606"}],"curies":[{"name":"wp","href":"https:\/\/api.w.org\/{rel}","templated":true}]}}