{"id":18286,"date":"2023-12-08T08:43:43","date_gmt":"2023-12-08T07:43:43","guid":{"rendered":"http:\/\/dulce-vida.net\/shop\/products\/fini-wrapped-burger-bubblegum-5-g\/"},"modified":"2024-10-11T10:51:59","modified_gmt":"2024-10-11T08:51:59","slug":"fini-wrapped-burger-bubblegum-5-g","status":"publish","type":"product","link":"https:\/\/dulce-vida.net\/hu\/shop\/products\/fini-wrapped-burger-bubblegum-5-g\/","title":{"rendered":"FINI WRAPPED BURGER BUBBLEGUM (5 G) 15% PROM\u00d3CI\u00d3 LIMIT\u00c1LT IDEIG!"},"content":{"rendered":"","protected":false},"excerpt":{"rendered":"","protected":false},"featured_media":17695,"template":"","meta":[],"product_brand":[],"product_cat":[128,130],"product_tag":[],"class_list":{"0":"post-18286","1":"product","2":"type-product","3":"status-publish","4":"has-post-thumbnail","6":"product_cat-ragogumik","7":"product_cat-csomagolt-ragok","8":"pa_brand-the-fini-company-hu","9":"pa_carton-6-kinalo-x-200-db","10":"pa_net-weight-5-g-hu","12":"first","13":"instock","14":"shipping-taxable","15":"product-type-simple"},"_links":{"self":[{"href":"https:\/\/dulce-vida.net\/hu\/wp-json\/wp\/v2\/product\/18286","targetHints":{"allow":["GET"]}}],"collection":[{"href":"https:\/\/dulce-vida.net\/hu\/wp-json\/wp\/v2\/product"}],"about":[{"href":"https:\/\/dulce-vida.net\/hu\/wp-json\/wp\/v2\/types\/product"}],"version-history":[{"count":2,"href":"https:\/\/dulce-vida.net\/hu\/wp-json\/wp\/v2\/product\/18286\/revisions"}],"predecessor-version":[{"id":21484,"href":"https:\/\/dulce-vida.net\/hu\/wp-json\/wp\/v2\/product\/18286\/revisions\/21484"}],"wp:featuredmedia":[{"embeddable":true,"href":"https:\/\/dulce-vida.net\/hu\/wp-json\/wp\/v2\/media\/17695"}],"wp:attachment":[{"href":"https:\/\/dulce-vida.net\/hu\/wp-json\/wp\/v2\/media?parent=18286"}],"wp:term":[{"taxonomy":"product_brand","embeddable":true,"href":"https:\/\/dulce-vida.net\/hu\/wp-json\/wp\/v2\/product_brand?post=18286"},{"taxonomy":"product_cat","embeddable":true,"href":"https:\/\/dulce-vida.net\/hu\/wp-json\/wp\/v2\/product_cat?post=18286"},{"taxonomy":"product_tag","embeddable":true,"href":"https:\/\/dulce-vida.net\/hu\/wp-json\/wp\/v2\/product_tag?post=18286"}],"curies":[{"name":"wp","href":"https:\/\/api.w.org\/{rel}","templated":true}]}}