{"id":19377,"date":"2024-01-19T15:12:56","date_gmt":"2024-01-19T14:12:56","guid":{"rendered":"https:\/\/dulce-vida.net\/shop\/products\/vidal-creepy-jelly-11-g-2\/"},"modified":"2025-03-11T16:04:43","modified_gmt":"2025-03-11T15:04:43","slug":"vidal-creepy-jelly-11-g","status":"publish","type":"product","link":"https:\/\/dulce-vida.net\/hu\/shop\/products\/vidal-creepy-jelly-11-g\/","title":{"rendered":"VIDAL CREEPY JELLY (11G) 10% PROM\u00d3CI\u00d3 LIMIT\u00c1LT IDEIG!"},"content":{"rendered":"","protected":false},"excerpt":{"rendered":"","protected":false},"featured_media":19069,"template":"","meta":[],"product_brand":[],"product_cat":[132],"product_tag":[],"class_list":{"0":"post-19377","1":"product","2":"type-product","3":"status-publish","4":"has-post-thumbnail","6":"product_cat-zselek","7":"pa_brand-vidal-hu","8":"pa_carton-6-kinalo-x-66-db-hu","9":"pa_net-weight-11-g-hu","11":"first","12":"instock","13":"shipping-taxable","14":"product-type-simple"},"_links":{"self":[{"href":"https:\/\/dulce-vida.net\/hu\/wp-json\/wp\/v2\/product\/19377","targetHints":{"allow":["GET"]}}],"collection":[{"href":"https:\/\/dulce-vida.net\/hu\/wp-json\/wp\/v2\/product"}],"about":[{"href":"https:\/\/dulce-vida.net\/hu\/wp-json\/wp\/v2\/types\/product"}],"version-history":[{"count":3,"href":"https:\/\/dulce-vida.net\/hu\/wp-json\/wp\/v2\/product\/19377\/revisions"}],"predecessor-version":[{"id":22465,"href":"https:\/\/dulce-vida.net\/hu\/wp-json\/wp\/v2\/product\/19377\/revisions\/22465"}],"wp:featuredmedia":[{"embeddable":true,"href":"https:\/\/dulce-vida.net\/hu\/wp-json\/wp\/v2\/media\/19069"}],"wp:attachment":[{"href":"https:\/\/dulce-vida.net\/hu\/wp-json\/wp\/v2\/media?parent=19377"}],"wp:term":[{"taxonomy":"product_brand","embeddable":true,"href":"https:\/\/dulce-vida.net\/hu\/wp-json\/wp\/v2\/product_brand?post=19377"},{"taxonomy":"product_cat","embeddable":true,"href":"https:\/\/dulce-vida.net\/hu\/wp-json\/wp\/v2\/product_cat?post=19377"},{"taxonomy":"product_tag","embeddable":true,"href":"https:\/\/dulce-vida.net\/hu\/wp-json\/wp\/v2\/product_tag?post=19377"}],"curies":[{"name":"wp","href":"https:\/\/api.w.org\/{rel}","templated":true}]}}