{"id":19395,"date":"2024-01-20T20:54:26","date_gmt":"2024-01-20T19:54:26","guid":{"rendered":"https:\/\/dulce-vida.net\/shop\/products\/vidal-dino-jelly-11-g\/"},"modified":"2025-03-11T16:03:47","modified_gmt":"2025-03-11T15:03:47","slug":"vidal-dino-jelly-11-g","status":"publish","type":"product","link":"https:\/\/dulce-vida.net\/hu\/shop\/products\/vidal-dino-jelly-11-g\/","title":{"rendered":"VIDAL DINO JELLY (11 G) 10% PROM\u00d3CI\u00d3 LIMIT\u00c1LT IDEIG!"},"content":{"rendered":"","protected":false},"excerpt":{"rendered":"","protected":false},"featured_media":19257,"template":"","meta":[],"product_brand":[],"product_cat":[82],"product_tag":[],"class_list":{"0":"post-19395","1":"product","2":"type-product","3":"status-publish","4":"has-post-thumbnail","6":"product_cat-jellies","7":"pa_brand-vidal","8":"pa_carton-6-displays-x-66-pcs","9":"pa_net-weight-11-g","11":"first","12":"instock","13":"shipping-taxable","14":"product-type-simple"},"_links":{"self":[{"href":"https:\/\/dulce-vida.net\/hu\/wp-json\/wp\/v2\/product\/19395","targetHints":{"allow":["GET"]}}],"collection":[{"href":"https:\/\/dulce-vida.net\/hu\/wp-json\/wp\/v2\/product"}],"about":[{"href":"https:\/\/dulce-vida.net\/hu\/wp-json\/wp\/v2\/types\/product"}],"version-history":[{"count":3,"href":"https:\/\/dulce-vida.net\/hu\/wp-json\/wp\/v2\/product\/19395\/revisions"}],"predecessor-version":[{"id":22461,"href":"https:\/\/dulce-vida.net\/hu\/wp-json\/wp\/v2\/product\/19395\/revisions\/22461"}],"wp:featuredmedia":[{"embeddable":true,"href":"https:\/\/dulce-vida.net\/hu\/wp-json\/wp\/v2\/media\/19257"}],"wp:attachment":[{"href":"https:\/\/dulce-vida.net\/hu\/wp-json\/wp\/v2\/media?parent=19395"}],"wp:term":[{"taxonomy":"product_brand","embeddable":true,"href":"https:\/\/dulce-vida.net\/hu\/wp-json\/wp\/v2\/product_brand?post=19395"},{"taxonomy":"product_cat","embeddable":true,"href":"https:\/\/dulce-vida.net\/hu\/wp-json\/wp\/v2\/product_cat?post=19395"},{"taxonomy":"product_tag","embeddable":true,"href":"https:\/\/dulce-vida.net\/hu\/wp-json\/wp\/v2\/product_tag?post=19395"}],"curies":[{"name":"wp","href":"https:\/\/api.w.org\/{rel}","templated":true}]}}