{"id":23822,"date":"2026-03-25T13:17:16","date_gmt":"2026-03-25T12:17:16","guid":{"rendered":"https:\/\/dulce-vida.net\/shop\/products\/fini-wrapped-mini-nuclear-bubblegum-5-g-15-promotion-for-limited-time\/"},"modified":"2026-03-25T13:18:23","modified_gmt":"2026-03-25T12:18:23","slug":"fini-wrapped-mini-nuclear-bubblegum-5-g-15-promotion-for-limited-time","status":"publish","type":"product","link":"https:\/\/dulce-vida.net\/hu\/shop\/products\/fini-wrapped-mini-nuclear-bubblegum-5-g-15-promotion-for-limited-time\/","title":{"rendered":"FINI WRAPPED MINI NUCLEAR BUBBLEGUM (5 G) 15% PROM\u00d3CI\u00d3 LIMIT\u00c1LT IDEIG!"},"content":{"rendered":"","protected":false},"excerpt":{"rendered":"","protected":false},"featured_media":23823,"template":"","meta":[],"product_brand":[],"product_cat":[128,130,142],"product_tag":[],"class_list":{"0":"post-23822","1":"product","2":"type-product","3":"status-publish","4":"has-post-thumbnail","6":"product_cat-ragogumik","7":"product_cat-csomagolt-ragok","8":"product_cat-ujdonsagok-kiemelt","9":"pa_brand-the-fini-company-hu","10":"pa_carton-6-kinalo-x-200-db","11":"pa_net-weight-5-g-hu","13":"first","14":"instock","15":"shipping-taxable","16":"product-type-simple"},"_links":{"self":[{"href":"https:\/\/dulce-vida.net\/hu\/wp-json\/wp\/v2\/product\/23822","targetHints":{"allow":["GET"]}}],"collection":[{"href":"https:\/\/dulce-vida.net\/hu\/wp-json\/wp\/v2\/product"}],"about":[{"href":"https:\/\/dulce-vida.net\/hu\/wp-json\/wp\/v2\/types\/product"}],"version-history":[{"count":1,"href":"https:\/\/dulce-vida.net\/hu\/wp-json\/wp\/v2\/product\/23822\/revisions"}],"predecessor-version":[{"id":23825,"href":"https:\/\/dulce-vida.net\/hu\/wp-json\/wp\/v2\/product\/23822\/revisions\/23825"}],"wp:featuredmedia":[{"embeddable":true,"href":"https:\/\/dulce-vida.net\/hu\/wp-json\/wp\/v2\/media\/23823"}],"wp:attachment":[{"href":"https:\/\/dulce-vida.net\/hu\/wp-json\/wp\/v2\/media?parent=23822"}],"wp:term":[{"taxonomy":"product_brand","embeddable":true,"href":"https:\/\/dulce-vida.net\/hu\/wp-json\/wp\/v2\/product_brand?post=23822"},{"taxonomy":"product_cat","embeddable":true,"href":"https:\/\/dulce-vida.net\/hu\/wp-json\/wp\/v2\/product_cat?post=23822"},{"taxonomy":"product_tag","embeddable":true,"href":"https:\/\/dulce-vida.net\/hu\/wp-json\/wp\/v2\/product_tag?post=23822"}],"curies":[{"name":"wp","href":"https:\/\/api.w.org\/{rel}","templated":true}]}}